{"id":869,"date":"2023-01-16T21:57:25","date_gmt":"2023-01-16T19:57:25","guid":{"rendered":"https:\/\/tattoo.nordantia.fi\/?page_id=869"},"modified":"2023-02-03T11:56:11","modified_gmt":"2023-02-03T09:56:11","slug":"toimitusehdot","status":"publish","type":"page","link":"https:\/\/tattoo.nordantia.fi\/fi\/toimitusehdot\/","title":{"rendered":"Terms and conditions"},"content":{"rendered":"<div data-elementor-type=\"wp-page\" data-elementor-id=\"869\" class=\"elementor elementor-869\">\n\t\t\t\t\t\t<section class=\"elementor-section elementor-top-section elementor-element elementor-element-b4d0424 ct-section-stretched elementor-section-boxed elementor-section-height-default elementor-section-height-default\" data-id=\"b4d0424\" data-element_type=\"section\" data-settings=\"{&quot;background_background&quot;:&quot;classic&quot;}\">\n\t\t\t\t\t\t<div class=\"elementor-container elementor-column-gap-default\">\n\t\t\t\t\t<div class=\"elementor-column elementor-col-100 elementor-top-column elementor-element elementor-element-e552afd\" data-id=\"e552afd\" data-element_type=\"column\">\n\t\t\t<div class=\"elementor-widget-wrap elementor-element-populated\">\n\t\t\t\t\t\t<div class=\"elementor-element elementor-element-ba1a07d elementor-widget elementor-widget-heading\" data-id=\"ba1a07d\" data-element_type=\"widget\" data-widget_type=\"heading.default\">\n\t\t\t\t<div class=\"elementor-widget-container\">\n\t\t\t\t\t<h2 class=\"elementor-heading-title elementor-size-default\">Terms and conditions<\/h2>\t\t\t\t<\/div>\n\t\t\t\t<\/div>\n\t\t\t\t\t<\/div>\n\t\t<\/div>\n\t\t\t\t\t<\/div>\n\t\t<\/section>\n\t\t\t\t<section class=\"elementor-section elementor-top-section elementor-element elementor-element-f393a35 elementor-section-boxed elementor-section-height-default elementor-section-height-default\" data-id=\"f393a35\" data-element_type=\"section\">\n\t\t\t\t\t\t<div class=\"elementor-container elementor-column-gap-default\">\n\t\t\t\t\t<div class=\"elementor-column elementor-col-100 elementor-top-column elementor-element elementor-element-a1534fd\" data-id=\"a1534fd\" data-element_type=\"column\">\n\t\t\t<div class=\"elementor-widget-wrap elementor-element-populated\">\n\t\t\t\t\t\t<div class=\"elementor-element elementor-element-70b1b64 elementor-widget elementor-widget-heading\" data-id=\"70b1b64\" data-element_type=\"widget\" data-widget_type=\"heading.default\">\n\t\t\t\t<div class=\"elementor-widget-container\">\n\t\t\t\t\t<h2 class=\"elementor-heading-title elementor-size-default\">Terms and conditions for registration<\/h2>\t\t\t\t<\/div>\n\t\t\t\t<\/div>\n\t\t\t\t<div class=\"elementor-element elementor-element-4768a50 elementor-widget elementor-widget-text-editor\" data-id=\"4768a50\" data-element_type=\"widget\" data-widget_type=\"text-editor.default\">\n\t\t\t\t<div class=\"elementor-widget-container\">\n\t\t\t\t\t\t\t\t\t<p><span class=\"ui-provider iu b c d e f g h i j k l m n o p q r s t u v w x y z ab ac ae af ag ah ai aj ak\" dir=\"ltr\">With signing up for the course in Helsinki Tattoo Academy (HTA), you agree to our terms &amp; conditions.<br \/>HTA is located at Pengerkatu 25 C,00500 Helsinki.<br \/>It is required that students are present 10-15 minutes before class starts.<br \/>For promotional purposes, we take photos and videos for the social platforms and by attending our courses you give your consent for these materials.<br \/>All payments taken through our website are secured by our SSL Certificate.<br \/>All deposits paid are non-refundable.<br \/>Deposits can not be transferred to another date or course.<br \/>Smoking in the Academy is prohibited.<br \/>Use of any drug during the course are prohibited and will result in immediate cancellation of your course without any refunded.<br \/>The rest of Course fees are due 3 weeks before commencement of your chosen course.<br \/>HTA Teachers is Arya Shahbaz.<br \/>No persons under the age of 18 are permitted to participate in any courses at the Academy.<br \/>Trainees cannot disrupt the order and discipline of the classes and hold the progress of the training courses.<\/span><\/p>\t\t\t\t\t\t\t\t<\/div>\n\t\t\t\t<\/div>\n\t\t\t\t<div class=\"elementor-element elementor-element-3e7c55d elementor-widget elementor-widget-heading\" data-id=\"3e7c55d\" data-element_type=\"widget\" data-widget_type=\"heading.default\">\n\t\t\t\t<div class=\"elementor-widget-container\">\n\t\t\t\t\t<h2 class=\"elementor-heading-title elementor-size-default\">Terms and conditions for payment<\/h2>\t\t\t\t<\/div>\n\t\t\t\t<\/div>\n\t\t\t\t<div class=\"elementor-element elementor-element-d765ae2 elementor-widget elementor-widget-text-editor\" data-id=\"d765ae2\" data-element_type=\"widget\" data-widget_type=\"text-editor.default\">\n\t\t\t\t<div class=\"elementor-widget-container\">\n\t\t\t\t\t\t\t\t\t<p>INKROOM 2056778-4 (online shop) sells products to private persons in Finland and abroad. We reserve all rights to change the terms and conditions, and the prices. All prices include the VAT.<\/p><p>\u00a0<\/p><p>Contact us<\/p><p>\u00a0<\/p><p>E-mail: info@tattoo.nordantia.fi<br \/>Telephone: +358 40 617 3479<br \/>Address: Kajaaninlinnantie 6 B 13, 00900 Helsinki<\/p><p>\u00a0<\/p><p>Orders<\/p><p>\u00a0<\/p><p>Orders are collected from the online shop by adding the products to the shopping cart. The order is confirmed by using the check-out functionality of the online shop to pay for the order. By confirming an order, you accept these terms and conditions, product pricing and shipping costs. An e-mail confirmation will be delivered in case an e-mail address is provided by the time of confirming the order. The e-mail confirmation lists the products ordered and the price breakdown.<\/p><p>\u00a0<\/p><p>Payments<\/p><p>\u00a0<\/p><p>Visma Pay (Visma Payments Oy, business-id FI24865594) is the payment facilitator of the online shop. Visma Payments Oy is a payment facilitator authorized by the Financial Supervisory Authority of Finland. The payment process is conducted in the online service of Visma Pay. Visma Pay or Visma Payments Oy is shown as the receiver of your payment in the bank account listing and in your invoice. Paying with Visma Pay is safe. All information is exchanged through secured connections.<\/p><p>\u00a0<\/p><p>The trade happens between the online customer and the online shop. The online shop is responsible for all obligations related to the trade.<\/p><p>\u00a0<\/p><p>Read more about Visma Pay: https:\/\/www.visma.fi\/vismapay\/<\/p><p>\u00a0<\/p><p>Payment methods<\/p><p>\u00a0<\/p><p>With Visma Pay you can pay your order by an internet banking account, a wallet, a payment card (credit\/debit), an invoice or a partial payment. The following methods of payment are supported: Osuuspankki, Nordea, Danske Bank, Oma S\u00e4\u00e4st\u00f6pankki, S\u00e4\u00e4st\u00f6pankki, Aktia, Paikallisosuuspankit, S-Pankki, Handelsbanken, \u00c5landsbanken, Jousto, Fellow Lasku, Fellow Yrityslasku, MobilePay, Masterpass, Pivo, Visa-, Visa Debit-, Visa Electron-, MasterCard- and Debit MasterCard payment cards.<\/p><p>\u00a0<\/p><p>MobilePay: You can pay with your MobilePay wallet if you have allowed online payments in the settings of the MobilePay application. Payment via MobilePay takes place directly from the payment card linked to MobilePay. If charging the payment from the linked card fails, MobilePay can not be used in the online shop.<\/p><p>\u00a0<\/p><p>Pivo: Terms and conditions of Pivo can be found here: https:\/\/pivo.fi\/kayttoehdot\/pivon-kayttoehdot\/<\/p><p>\u00a0<\/p><p>Jousto invoice and part-payment is a Finnish service for making purchases quickly and safely. Jousto is for private persons having their economy in balance. With Jousto you will get 30 days time to pay without interest or expenses. After you have received an invoice, you can decide to pay it at once or in parts. You can pay our purchase in up to 36 parts, starting from 9,90 eur\/month. Expenses for Jousto part-payment are 3,90 eur\/month and 19,90% interest. With Jousto you can pay purchases from 30 to 3000 eur. Aurajoki Nordic Oy issues the credit. Read more from www.jousto.com.<\/p><p>\u00a0<\/p><p>OP Lasku: A flexible invoice payment method. OP Lasku serves all Finnish banks&#8217; customers. Suitable for online purchases of up to 5000 \u20ac with an interest-free payment term of 45 days. The instalment option adds flexibility to purchases. Your purchases are visible in one place so you can easily keep track of them. Invoices are sent to you by email. To use OP Lasku, you must be solvent and over 20 years old. More information available at: https:\/\/www.op.fi\/henkiloasiakkaat\/paivittaiset\/maksaminen\/op-lasku<\/p><p>\u00a0<\/p><p>Contact Visma Pay<\/p><p>\u00a0<\/p><p>Visma Payments Oy (business-id FI24865594)<br \/>E-mail: helpdesk@vismapay.com<br \/>Telephone: +358 9 315 42 037 (workdays 8-16)<br \/>Address: Brahenkatu 4, 53100 Lappeenranta, Finland<\/p><p>\u00a0<\/p><p>Cancelling an order, defect liability and reclamations<\/p><p>\u00a0<\/p><p>The customer has right to cancel an order before the order is dispatched. The cancellation must be done in written by an e-mail to the customer support of the online shop.<\/p><p>\u00a0<\/p><p>The online shop is liable for defects in the sold products according to the applicable law. Please contact the customer support of the online shop immediately in a case of reclamation. The consumer has a right to file a dispute in the Consumer Disputes Board in a case of dispute between the online shop and the consumer.<\/p><p>\u00a0<\/p><p>Fellow Yrityslasku<\/p><p>\u00a0<\/p><p>Fellow Yrityslasku normal payment term is 14 days. If desired, the payment period can be extended up to 60 days. Fellow Yrityslasku has credit limit of 5000 \u20ac. If your company needs higher credit limit, you may contact Fellow customer service. Fellow Yrityslasku is made possible by Fellow Bank Oyj. More information about Fellow Yrityslasku are available at: https:\/\/www.fellowbank.com<\/p><p>\u00a0<\/p><p>\u00a0<\/p><p>INKROOM 2056778-4 (j\u00e4ljemp\u00e4n\u00e4 verkkokauppa) myy tuotteita yksityishenkil\u00f6ille Suomeen. Pid\u00e4t\u00e4mme oikeuden toimitusehtojen ja hintojen muutoksiin. Tuotteiden hinnat sis\u00e4lt\u00e4v\u00e4t arvonlis\u00e4veron.<\/p><p>\u00a0<\/p><p>Verkkokaupan yhteystiedot<\/p><p>\u00a0<\/p><p>S\u00e4hk\u00f6posti: info@tattoo.nordantia.fi<br \/>Puhelin: 040 617 3479<br \/>Postiosoite: Kajaaninlinnantie 6 B 13, 00900 Helsinki<\/p><p>\u00a0<\/p><p>Tilaaminen<\/p><p>\u00a0<\/p><p>Tilattavat tuotteet valitaan verkkosivuilla lis\u00e4\u00e4m\u00e4ll\u00e4 ne ostoskoriin. Tilaus l\u00e4hetet\u00e4\u00e4n maksamalla ostoskorin sis\u00e4lt\u00f6 verkkokaupan kassatoiminnossa. Tehdess\u00e4si tilauksen hyv\u00e4ksyt n\u00e4m\u00e4 toimitusehdot, tuotteiden hinnat sek\u00e4 toimituskulut. Mik\u00e4li tilaushetkell\u00e4 annetaan s\u00e4hk\u00f6postiosoite, tilauksesta l\u00e4hetet\u00e4\u00e4n tilausvahvistus s\u00e4hk\u00f6postitse. Tilausvahvistuksesta ilmenev\u00e4t tilatut tuotteet sek\u00e4 hinta.<\/p><p>\u00a0<\/p><p>Maksaminen<\/p><p>\u00a0<\/p><p>Verkkokaupan maksuv\u00e4litt\u00e4j\u00e4n\u00e4 toimii Visma Pay (Visma Payments Oy, y-tunnus 2486559-4), joka on rekister\u00f6ity Finanssivalvonnan yll\u00e4pit\u00e4m\u00e4\u00e4n maksulaitosrekisteriin. Maksamiseen siirryt\u00e4\u00e4n Visma Payn verkkopalvelun kautta ja tiliotteella ja laskulla maksun saajana n\u00e4kyy Visma Pay tai Visma Payments Oy. Visma Pay v\u00e4litt\u00e4\u00e4 maksut verkkokauppiaalle. Maksaminen on turvallista, sill\u00e4 kaikki maksutapahtumaa koskevat tiedot v\u00e4litet\u00e4\u00e4n salattua yhteytt\u00e4 k\u00e4ytt\u00e4en niin ettei kukaan ulkopuolinen taho n\u00e4e maksutapahtuman tietoja.<\/p><p>\u00a0<\/p><p>Kauppa syntyy verkkokaupan asiakkaan ja verkkokaupan v\u00e4lille. Verkkokaupan vastuulla ovat kaikki kauppaan liittyv\u00e4t velvoitteet.<\/p><p>\u00a0<\/p><p>Lue lis\u00e4\u00e4 Visma Paysta: https:\/\/www.visma.fi\/vismapay\/<\/p><p>\u00a0<\/p><p>Maksutavat<\/p><p>\u00a0<\/p><p>Visma Pay -palvelun kautta voit maksaa verkkopankkitunnuksilla, lompakolla, maksukorteilla (credit\/debit), laskulla tai osamaksulla. K\u00e4ytett\u00e4viss\u00e4 ovat seuraavat maksutavat: Osuuspankki, Nordea, Danske Bank, Oma S\u00e4\u00e4st\u00f6pankki, S\u00e4\u00e4st\u00f6pankki, Aktia, Paikallisosuuspankit, S-Pankki, Handelsbanken, \u00c5landsbanken, MobilePay, Masterpass, Pivo, Visa-, Visa Debit-, Visa Electron-, MasterCard- ja Debit MasterCard -kortit, sek\u00e4 Jousto, Fellow Lasku ja Fellow Yrityslasku.<\/p><p>\u00a0<\/p><p>MobilePay: Voit maksaa MobilePay-lompakollasi mik\u00e4li olet sallinut verkkokaupoissa maksamisen sovelluksen asetuksista. MobilePay-lompakolla suoritetut maksut veloitetaan lompakkoon liitetylt\u00e4 maksukortilta. Mik\u00e4li maksun veloittaminen maksukortilta ep\u00e4onnistuu, MobilePay-lompakolla maksaminen ei ole mahdollista verkkokaupassa.<\/p><p>\u00a0<\/p><p>Pivo: K\u00e4ytt\u00f6ehdot ovat tarjolla Pivon sivuilla: https:\/\/pivo.fi\/kayttoehdot\/pivon-kayttoehdot\/<\/p><p>\u00a0<\/p><p>Jousto lasku ja osamaksu on kotimainen palvelu, jolla teet ostoksesi nopeasti ja turvallisesti. Jousto on tarkoitettu yksityishenkil\u00f6ille, jotka ovat hoitaneet raha-asiansa moitteettomasti. Joustolla saat 30 vuorokautta korotonta ja kulutonta maksuaikaa. Laskun saatuasi voit p\u00e4\u00e4tt\u00e4\u00e4 maksatko sen kokonaan vai osissa. Osamaksulla voit maksaa ostoksesi jopa 36:ssa er\u00e4ss\u00e4, alkaen 9,90 eur\/kk. Jousto osamaksun kustannukset ovat 3,90 eur\/kk ja 19,90%:n luottokorko. Voit maksaa Joustolla 30\u20133000 euron ostoksia. Luotonmy\u00f6nt\u00e4j\u00e4n\u00e4 toimii Aurajoki Nordic Oy. Lue lis\u00e4\u00e4 Joustosta osoitteessa www.jousto.com.<\/p><p>\u00a0<\/p><p>OP Lasku &#8211; Joustava tapa maksaa verkko-ostokset. Kaikkien pankkien asiakkaille. OP Laskulla voit tehd\u00e4 enint\u00e4\u00e4n 5 000 euron suuruisia ostoksia ja maksaa ne korottomasti pois 45 vuorokauden sis\u00e4ll\u00e4. Halutessasi voit pilkkoa laskun useampaan maksuer\u00e4\u00e4n. Ostoksesi n\u00e4kyv\u00e4t yhdess\u00e4 paikassa, joten pysyt helposti perill\u00e4 rahan k\u00e4yt\u00f6st\u00e4. Luottorajan avulla pid\u00e4t kulutuksen haluamissasi rajoissa. Saat laskut k\u00e4tev\u00e4sti s\u00e4hk\u00f6postiisi. Verkkopalvelussamme n\u00e4et tietoja OP Laskun k\u00e4yt\u00f6st\u00e4si ja tekemiesi ostosten summan. Voit k\u00e4ytt\u00e4\u00e4 OP Laskua, jos olet maksukykyinen yli 20-vuotias, ja sinulla on suomalaisen pankin verkkotunnukset. Lis\u00e4tietoja OP Laskuun liittyen l\u00f6yd\u00e4t osoitteesta: https:\/\/www.op.fi\/henkiloasiakkaat\/paivittaiset\/maksaminen\/op-lasku<\/p><p>\u00a0<\/p><p>Visma Pay -maksupalvelun yhteystiedot<\/p><p>\u00a0<\/p><p>Visma Payments Oy (Y-tunnus 2486559-4)<br \/>S\u00e4hk\u00f6posti: helpdesk@vismapay.com<br \/>Puhelin: 09 315 42 037 (arkisin klo 8-16)<br \/>Postiosoite: Brahenkatu 4, 53100 Lappeenranta<\/p><p>\u00a0<\/p><p>Tilauksen peruuttaminen, virhevastuu ja reklamaatiot<\/p><p>\u00a0<\/p><p>Ennen tilauksen toimitusta tilauksen voi peruuttaa kirjallisella ilmoituksella s\u00e4hk\u00f6postitse.<\/p><p>\u00a0<\/p><p>Verkkokaupalla on lakis\u00e4\u00e4teinen virhevastuu myydyist\u00e4 tuotteista. Reklamaatiotapauksissa pyyd\u00e4mme olemaan yhteydess\u00e4 asiakaspalveluumme. Kuluttajalla on oikeus vied\u00e4 mahdolliset riitatilanteet kuluttajariitalautakunnan ratkaistavaksi.<\/p><p>\u00a0<\/p><p>Fellow Yrityslasku<\/p><p>\u00a0<\/p><p>Markkinoiden helpointa B2B ostamista<\/p><p>\u00a0<\/p><p>Ostaminen Fellow Yrityslaskulla onnistuu l\u00e4hes aina pelkkien yhteystietojen avulla, ilman vahvaa tunnistautumista. Riitt\u00e4\u00e4, ett\u00e4 pystymme varmistamaan ostajan ja h\u00e4nen edustaman yrityksen v\u00e4lisen yhteyden. Lasku l\u00e4hetet\u00e4\u00e4n ensisijaisesti verkkolaskuna, mutta my\u00f6s s\u00e4hk\u00f6postilasku ja paperilasku ovat mahdollisia. Meill\u00e4 on valmiina tiedossa yritysten viralliset verkkolaskuosoitteet, joten my\u00f6s laskutusosoitteen valinta on helppoa. Ostolaskun k\u00e4sittely on suunniteltu yritysostajan kannalta mahdollisimman sujuvaksi ja ostaja saa lis\u00e4tty laskulle laskun kohdentamiseen tarvittavat viitetiedot. Lis\u00e4ksi laskulta l\u00f6ytyy ALV-erittely.<\/p><p>\u00a0<\/p><p>Fellow Yrityslaskun normaali maksuaika on 14 vuorokautta. Halutessaan maksuaikaa voi pident\u00e4\u00e4 jopa 60 vuorokauteen. Fellow Yrityslaskun luottoraja on 5000 \u20ac. Jos yrityksenne tarvitsee korkeamman luottorajan, voitte olla yhteydess\u00e4 Fellow asiakaspalveluun. Fellow Yrityslaskun mahdollistaa Fellow Bank Oyj. Lis\u00e4tietoja Fellow Yrityslaskusta l\u00f6ytyy seuraavasta linkist\u00e4: https:\/\/www.fellowpankki.fi\/<\/p>\t\t\t\t\t\t\t\t<\/div>\n\t\t\t\t<\/div>\n\t\t\t\t\t<\/div>\n\t\t<\/div>\n\t\t\t\t\t<\/div>\n\t\t<\/section>\n\t\t\t\t<\/div>","protected":false},"excerpt":{"rendered":"<p>Terms and conditions Terms and conditions for registration With signing up for the course in Helsinki Tattoo Academy (HTA), you agree to our terms &amp; conditions.HTA is located at Pengerkatu 25 C,00500 Helsinki.It is required that students are present 10-15 minutes before class starts.For promotional purposes, we take photos and videos for the social platforms [&hellip;]<\/p>","protected":false},"author":1,"featured_media":0,"parent":0,"menu_order":0,"comment_status":"closed","ping_status":"closed","template":"","meta":{"_acf_changed":false,"footnotes":""},"class_list":["post-869","page","type-page","status-publish","hentry"],"blocksy_meta":{"styles_descriptor":{"styles":{"desktop":"","tablet":"","mobile":""},"google_fonts":[],"version":6}},"acf":[],"aioseo_notices":[],"_links":{"self":[{"href":"https:\/\/tattoo.nordantia.fi\/fi\/wp-json\/wp\/v2\/pages\/869","targetHints":{"allow":["GET"]}}],"collection":[{"href":"https:\/\/tattoo.nordantia.fi\/fi\/wp-json\/wp\/v2\/pages"}],"about":[{"href":"https:\/\/tattoo.nordantia.fi\/fi\/wp-json\/wp\/v2\/types\/page"}],"author":[{"embeddable":true,"href":"https:\/\/tattoo.nordantia.fi\/fi\/wp-json\/wp\/v2\/users\/1"}],"replies":[{"embeddable":true,"href":"https:\/\/tattoo.nordantia.fi\/fi\/wp-json\/wp\/v2\/comments?post=869"}],"version-history":[{"count":45,"href":"https:\/\/tattoo.nordantia.fi\/fi\/wp-json\/wp\/v2\/pages\/869\/revisions"}],"predecessor-version":[{"id":1004,"href":"https:\/\/tattoo.nordantia.fi\/fi\/wp-json\/wp\/v2\/pages\/869\/revisions\/1004"}],"wp:attachment":[{"href":"https:\/\/tattoo.nordantia.fi\/fi\/wp-json\/wp\/v2\/media?parent=869"}],"curies":[{"name":"wp","href":"https:\/\/api.w.org\/{rel}","templated":true}]}}